{"id":10,"date":"2015-05-12T18:04:57","date_gmt":"2015-05-12T15:04:57","guid":{"rendered":"http:\/\/www.kivrakotomotiv.com\/?page_id=10"},"modified":"2016-03-07T13:11:39","modified_gmt":"2016-03-07T11:11:39","slug":"hakkimizda","status":"publish","type":"page","link":"http:\/\/www.kivrakotomotiv.com\/index.php\/hakkimizda\/","title":{"rendered":"Hakk\u0131m\u0131zda"},"content":{"rendered":"<p>KIVRAK OTOMOT\u0130V, 1997 y\u0131l\u0131ndan beri d\u00fcnya \u00e7ap\u0131nda \u00fcst\u00fcn kaliteli \u00fcr\u00fcnler ve hizmetler sunmaktad\u0131r. Lider teknolojisi ve \u00f6nc\u00fc yenilikleriyle m\u00fc\u015fterilerine hep daha fazlas\u0131n\u0131 sunma gayreti i\u00e7inde olmu\u015ftur. S\u00fcrekli ara\u015ft\u0131rma &amp; geli\u015ftirme yoluyla y\u00fcksek kalite standartlar\u0131n\u0131 garantilemi\u015ftir.<\/p>\n<p>Kalite y\u00f6netimi; \u00fcr\u00fcn geli\u015ftirmeleri, sertifikal\u0131 tedarik\u00e7ilerden kontroll\u00fc al\u0131nan hammaddeler ve \u00fcretimin her safhas\u0131ndaki en y\u00fcksek standartlar, m\u00fc\u015fterilerimize rekabet avantajlar\u0131 sunar. \u0130htiya\u00e7lar\u0131n\u0131za g\u00f6re geli\u015ftirilmi\u015f servis sistemlerimiz firman\u0131za teknik olarak ispatlanm\u0131\u015f ve ekonomik olarak verimli \u00e7\u00f6z\u00fcmler sunar.<\/p>\n<p>KIVRAK OTOMOT\u0130V\u00a0T\u00fcrkiye Distrib\u00fct\u00f6r\u00fc &amp; Servis Ortakl\u0131\u011f\u0131n\u0131 yetkili tek isim olarak yapmaktad\u0131r. Amac\u0131m\u0131z, kaliteli \u00fcr\u00fcn ve sistem sat\u0131\u015f\u0131n\u0131n yan\u0131 s\u0131ra problem \u00e7\u00f6z\u00fcc\u00fc servis ortakl\u0131\u011f\u0131 anlay\u0131\u015f\u0131 ile m\u00fc\u015fterilerimizle uzun vadeli ili\u015fkiler kurmakt\u0131r.<\/p>\n","protected":false},"excerpt":{"rendered":"<p>KIVRAK OTOMOT\u0130V, 1997 y\u0131l\u0131ndan beri d\u00fcnya \u00e7ap\u0131nda \u00fcst\u00fcn kaliteli \u00fcr\u00fcnler ve hizmetler sunmaktad\u0131r. Lider teknolojisi ve \u00f6nc\u00fc yenilikleriyle m\u00fc\u015fterilerine hep daha fazlas\u0131n\u0131 sunma gayreti i\u00e7inde olmu\u015ftur. S\u00fcrekli ara\u015ft\u0131rma &amp; geli\u015ftirme yoluyla y\u00fcksek kalite standartlar\u0131n\u0131 garantilemi\u015ftir. Kalite y\u00f6netimi; \u00fcr\u00fcn geli\u015ftirmeleri, sertifikal\u0131 tedarik\u00e7ilerden kontroll\u00fc al\u0131nan hammaddeler ve \u00fcretimin her safhas\u0131ndaki en y\u00fcksek standartlar, m\u00fc\u015fterilerimize rekabet avantajlar\u0131 sunar&#8230;.<\/p>\n","protected":false},"author":1,"featured_media":0,"parent":0,"menu_order":0,"comment_status":"closed","ping_status":"open","template":"","meta":{"footnotes":""},"_links":{"self":[{"href":"http:\/\/www.kivrakotomotiv.com\/index.php\/wp-json\/wp\/v2\/pages\/10"}],"collection":[{"href":"http:\/\/www.kivrakotomotiv.com\/index.php\/wp-json\/wp\/v2\/pages"}],"about":[{"href":"http:\/\/www.kivrakotomotiv.com\/index.php\/wp-json\/wp\/v2\/types\/page"}],"author":[{"embeddable":true,"href":"http:\/\/www.kivrakotomotiv.com\/index.php\/wp-json\/wp\/v2\/users\/1"}],"replies":[{"embeddable":true,"href":"http:\/\/www.kivrakotomotiv.com\/index.php\/wp-json\/wp\/v2\/comments?post=10"}],"version-history":[{"count":2,"href":"http:\/\/www.kivrakotomotiv.com\/index.php\/wp-json\/wp\/v2\/pages\/10\/revisions"}],"predecessor-version":[{"id":547,"href":"http:\/\/www.kivrakotomotiv.com\/index.php\/wp-json\/wp\/v2\/pages\/10\/revisions\/547"}],"wp:attachment":[{"href":"http:\/\/www.kivrakotomotiv.com\/index.php\/wp-json\/wp\/v2\/media?parent=10"}],"curies":[{"name":"wp","href":"https:\/\/api.w.org\/{rel}","templated":true}]}}