{"id":16,"date":"2015-05-12T18:06:08","date_gmt":"2015-05-12T15:06:08","guid":{"rendered":"http:\/\/www.kivrakotomotiv.com\/?page_id=16"},"modified":"2016-03-04T11:41:18","modified_gmt":"2016-03-04T09:41:18","slug":"iletisim","status":"publish","type":"page","link":"http:\/\/www.kivrakotomotiv.com\/index.php\/iletisim\/","title":{"rendered":"\u0130leti\u015fim"},"content":{"rendered":"<div class=\"row \"><div class=\"wpv-grid grid-3-5  wpv-first-level first unextended\" style=\"padding-top:0px;padding-bottom:0px\" id=\"wpv-column-3fd47674fadbc55794bf7ba7573c4c2e\" >\n\t<div class=\"frame\"><div id=\"google_map_384\" class=\"google_map\" style=\"height:400px;\"><\/div><\/div>\n\t<script type=\"text\/javascript\">\n\tjQuery(document).ready(function($) {\n\t\tjQuery(\"#google_map_384\").gMap({\n\t\t    zoom: 12,\n\n\n\t\t\t\t    latitude: 0,\n\t\t    longitude: 0,\n\t\t    address: \"Ey\u00fcp \u0130stanbul\",\n\t\t\n\t\t\tcontrols: [],\n\t\t\tmaptype: 'ROADMAP',\n\t\t    scrollwheel:false,\n\t\t    custom: {\n\t\t\t    styles: [\n\t\t\t  \t\t{\n\t\t\t\t\t\tstylers: [\n\t\t\t\t \t\t\t{ inverse_lightness: false }\n\t\t\t\t \t\t\t\t\t\t\t\t\t]\n\t\t\t  \t\t}\n\t\t\t\t]\n\t\t\t}\n\t\t});\n\t});\n\t<\/script>\n\n<\/div>\n<div class=\"wpv-grid grid-2-5  wpv-first-level unextended\" style=\"padding-top:0px;padding-bottom:0px\" id=\"wpv-column-e92a6fba8c46a645cf3cc8a40d70574b\" >\n<div class=\"contact_info_wrap\">\n\t\t\t<p><span class='icon shortcode  ' style='color:#FEEFE3;'>&#57610;<\/span>K\u0131vrak Otomotiv- \u00d6zg\u00fcr K\u0131vrak<\/p>\n\t\t\n\t\t\t<p><span class='icon shortcode theme ' style='color:#FEEFE3;'>&#57382;<\/span>0212 537 09 59<\/p>\n\t\t\n\t\t\t<p><span class='icon shortcode theme ' style='color:#FEEFE3;'>&#57361;<\/span>0530 400 30 93<\/p>\n\t\t\n\t\t\t<p><a href=\"mailto:ozguraydin@kivrakotomotiv.com\" ><span class='icon shortcode theme ' style='color:#FEEFE3;'>&#57353;<\/span>ozguraydin@kivrakotomotiv.com<\/a><\/p>\n\t\t\n\t\t\t<p><span class=\"contact_address\"><span class='icon shortcode theme ' style='color:#FEEFE3;'>&#57367;<\/span>Ye\u015filp\u0131nar Mah. D\u00fclger Sokak 9\/B No.3 Ey\u00fcp - \u0130ST.<\/span><\/p>\n\t\t\n<\/div>\n<\/div><\/div>\n","protected":false},"excerpt":{"rendered":"","protected":false},"author":1,"featured_media":0,"parent":0,"menu_order":0,"comment_status":"closed","ping_status":"open","template":"","meta":{"footnotes":""},"_links":{"self":[{"href":"http:\/\/www.kivrakotomotiv.com\/index.php\/wp-json\/wp\/v2\/pages\/16"}],"collection":[{"href":"http:\/\/www.kivrakotomotiv.com\/index.php\/wp-json\/wp\/v2\/pages"}],"about":[{"href":"http:\/\/www.kivrakotomotiv.com\/index.php\/wp-json\/wp\/v2\/types\/page"}],"author":[{"embeddable":true,"href":"http:\/\/www.kivrakotomotiv.com\/index.php\/wp-json\/wp\/v2\/users\/1"}],"replies":[{"embeddable":true,"href":"http:\/\/www.kivrakotomotiv.com\/index.php\/wp-json\/wp\/v2\/comments?post=16"}],"version-history":[{"count":7,"href":"http:\/\/www.kivrakotomotiv.com\/index.php\/wp-json\/wp\/v2\/pages\/16\/revisions"}],"predecessor-version":[{"id":546,"href":"http:\/\/www.kivrakotomotiv.com\/index.php\/wp-json\/wp\/v2\/pages\/16\/revisions\/546"}],"wp:attachment":[{"href":"http:\/\/www.kivrakotomotiv.com\/index.php\/wp-json\/wp\/v2\/media?parent=16"}],"curies":[{"name":"wp","href":"https:\/\/api.w.org\/{rel}","templated":true}]}}