{"id":37,"date":"2015-05-12T18:22:34","date_gmt":"2015-05-12T15:22:34","guid":{"rendered":"http:\/\/www.kivrakotomotiv.com\/?page_id=37"},"modified":"2015-08-25T17:20:15","modified_gmt":"2015-08-25T14:20:15","slug":"nitrojen-jeneratorleri-2","status":"publish","type":"page","link":"http:\/\/www.kivrakotomotiv.com\/index.php\/urunlerimiz\/nitrojen-jeneratorleri-2\/","title":{"rendered":"Nitrojen Jenerat\u00f6rleri"},"content":{"rendered":"<p><a href=\"http:\/\/www.kivrakotomotiv.com\/wp-content\/uploads\/nitrojen.jpg\"><img loading=\"lazy\" decoding=\"async\" class=\" size-medium wp-image-536 alignleft\" src=\"http:\/\/www.kivrakotomotiv.com\/wp-content\/uploads\/nitrojen-155x300.jpg\" alt=\"nitrojen\" width=\"155\" height=\"300\" srcset=\"http:\/\/www.kivrakotomotiv.com\/wp-content\/uploads\/nitrojen-155x300.jpg 155w, http:\/\/www.kivrakotomotiv.com\/wp-content\/uploads\/nitrojen-360x695.jpg 360w, http:\/\/www.kivrakotomotiv.com\/wp-content\/uploads\/nitrojen-262x506.jpg 262w, http:\/\/www.kivrakotomotiv.com\/wp-content\/uploads\/nitrojen.jpg 516w\" sizes=\"(max-width: 155px) 100vw, 155px\" \/><\/a>Motor G\u00fcc\u00fc : 40kW<br \/>\n\u00c7al\u0131\u015fma Ak\u0131m\u0131: 220\/50Hz<br \/>\nNitrojen Safl\u0131\u011f\u0131 : 95-99%<br \/>\nS\u0131k\u0131\u015ft\u0131r\u0131lm\u0131\u015f Hava Giri\u015fi : m8-10kg\/cm<br \/>\nNitrojen Depolama Tank\u0131 : 70L\/18.5gal<br \/>\nNitrojen \u00c7\u0131k\u0131\u015f\u0131 : 10Bar<br \/>\nNet \/ B\u00fcr\u00fct A\u011f\u0131rl\u0131k : 92\/110kg<\/p>\n","protected":false},"excerpt":{"rendered":"<p>Motor G\u00fcc\u00fc : 40kW \u00c7al\u0131\u015fma Ak\u0131m\u0131: 220\/50Hz Nitrojen Safl\u0131\u011f\u0131 : 95-99% S\u0131k\u0131\u015ft\u0131r\u0131lm\u0131\u015f Hava Giri\u015fi : m8-10kg\/cm Nitrojen Depolama Tank\u0131 : 70L\/18.5gal Nitrojen \u00c7\u0131k\u0131\u015f\u0131 : 10Bar Net \/ B\u00fcr\u00fct A\u011f\u0131rl\u0131k : 92\/110kg<\/p>\n","protected":false},"author":1,"featured_media":0,"parent":12,"menu_order":0,"comment_status":"closed","ping_status":"closed","template":"","meta":{"footnotes":""},"_links":{"self":[{"href":"http:\/\/www.kivrakotomotiv.com\/index.php\/wp-json\/wp\/v2\/pages\/37"}],"collection":[{"href":"http:\/\/www.kivrakotomotiv.com\/index.php\/wp-json\/wp\/v2\/pages"}],"about":[{"href":"http:\/\/www.kivrakotomotiv.com\/index.php\/wp-json\/wp\/v2\/types\/page"}],"author":[{"embeddable":true,"href":"http:\/\/www.kivrakotomotiv.com\/index.php\/wp-json\/wp\/v2\/users\/1"}],"replies":[{"embeddable":true,"href":"http:\/\/www.kivrakotomotiv.com\/index.php\/wp-json\/wp\/v2\/comments?post=37"}],"version-history":[{"count":5,"href":"http:\/\/www.kivrakotomotiv.com\/index.php\/wp-json\/wp\/v2\/pages\/37\/revisions"}],"predecessor-version":[{"id":539,"href":"http:\/\/www.kivrakotomotiv.com\/index.php\/wp-json\/wp\/v2\/pages\/37\/revisions\/539"}],"up":[{"embeddable":true,"href":"http:\/\/www.kivrakotomotiv.com\/index.php\/wp-json\/wp\/v2\/pages\/12"}],"wp:attachment":[{"href":"http:\/\/www.kivrakotomotiv.com\/index.php\/wp-json\/wp\/v2\/media?parent=37"}],"curies":[{"name":"wp","href":"https:\/\/api.w.org\/{rel}","templated":true}]}}