{"id":619,"date":"2023-04-08T18:03:12","date_gmt":"2023-04-08T15:03:12","guid":{"rendered":"http:\/\/www.kivrakotomotiv.com\/?page_id=619"},"modified":"2023-04-08T18:21:24","modified_gmt":"2023-04-08T15:21:24","slug":"is-ve-kaynak-makinasi","status":"publish","type":"page","link":"http:\/\/www.kivrakotomotiv.com\/index.php\/urunlerimiz\/is-ve-kaynak-makinasi\/","title":{"rendered":"\u0130\u015f ve Kaynak Makinas\u0131"},"content":{"rendered":"<div id='gallery-1' class='gallery galleryid-619 gallery-columns-3 gallery-size-thumbnail'><figure class='gallery-item'>\n\t\t\t<div class='gallery-icon landscape'>\n\t\t\t\t<a href='http:\/\/www.kivrakotomotiv.com\/wp-content\/uploads\/5c6bafb1-1258-45c8-b877-b6d9fc3e86b9.jpg'><img loading=\"lazy\" decoding=\"async\" width=\"150\" height=\"150\" src=\"http:\/\/www.kivrakotomotiv.com\/wp-content\/uploads\/5c6bafb1-1258-45c8-b877-b6d9fc3e86b9-150x150.jpg\" class=\"attachment-thumbnail size-thumbnail\" alt=\"\" srcset=\"http:\/\/www.kivrakotomotiv.com\/wp-content\/uploads\/5c6bafb1-1258-45c8-b877-b6d9fc3e86b9-150x150.jpg 150w, http:\/\/www.kivrakotomotiv.com\/wp-content\/uploads\/5c6bafb1-1258-45c8-b877-b6d9fc3e86b9-60x60.jpg 60w, http:\/\/www.kivrakotomotiv.com\/wp-content\/uploads\/5c6bafb1-1258-45c8-b877-b6d9fc3e86b9-43x43.jpg 43w\" sizes=\"(max-width: 150px) 100vw, 150px\" \/><\/a>\n\t\t\t<\/div><\/figure><figure class='gallery-item'>\n\t\t\t<div class='gallery-icon landscape'>\n\t\t\t\t<a href='http:\/\/www.kivrakotomotiv.com\/wp-content\/uploads\/26ba089a-99b6-4e4f-b2e5-809049bb46b9.jpg'><img loading=\"lazy\" decoding=\"async\" width=\"150\" height=\"150\" src=\"http:\/\/www.kivrakotomotiv.com\/wp-content\/uploads\/26ba089a-99b6-4e4f-b2e5-809049bb46b9-150x150.jpg\" class=\"attachment-thumbnail size-thumbnail\" alt=\"\" srcset=\"http:\/\/www.kivrakotomotiv.com\/wp-content\/uploads\/26ba089a-99b6-4e4f-b2e5-809049bb46b9-150x150.jpg 150w, http:\/\/www.kivrakotomotiv.com\/wp-content\/uploads\/26ba089a-99b6-4e4f-b2e5-809049bb46b9-60x60.jpg 60w, http:\/\/www.kivrakotomotiv.com\/wp-content\/uploads\/26ba089a-99b6-4e4f-b2e5-809049bb46b9-43x43.jpg 43w\" sizes=\"(max-width: 150px) 100vw, 150px\" \/><\/a>\n\t\t\t<\/div><\/figure><figure class='gallery-item'>\n\t\t\t<div class='gallery-icon portrait'>\n\t\t\t\t<a href='http:\/\/www.kivrakotomotiv.com\/wp-content\/uploads\/54e8d41e-cbd8-4f7d-9620-e126d7eeb87b.jpg'><img loading=\"lazy\" decoding=\"async\" width=\"150\" height=\"150\" src=\"http:\/\/www.kivrakotomotiv.com\/wp-content\/uploads\/54e8d41e-cbd8-4f7d-9620-e126d7eeb87b-150x150.jpg\" class=\"attachment-thumbnail size-thumbnail\" alt=\"\" srcset=\"http:\/\/www.kivrakotomotiv.com\/wp-content\/uploads\/54e8d41e-cbd8-4f7d-9620-e126d7eeb87b-150x150.jpg 150w, http:\/\/www.kivrakotomotiv.com\/wp-content\/uploads\/54e8d41e-cbd8-4f7d-9620-e126d7eeb87b-60x60.jpg 60w, http:\/\/www.kivrakotomotiv.com\/wp-content\/uploads\/54e8d41e-cbd8-4f7d-9620-e126d7eeb87b-43x43.jpg 43w\" sizes=\"(max-width: 150px) 100vw, 150px\" \/><\/a>\n\t\t\t<\/div><\/figure><figure class='gallery-item'>\n\t\t\t<div class='gallery-icon portrait'>\n\t\t\t\t<a href='http:\/\/www.kivrakotomotiv.com\/wp-content\/uploads\/de61d7c6-7d03-4247-b1b8-ba746af2118e.jpg'><img loading=\"lazy\" decoding=\"async\" width=\"150\" height=\"150\" src=\"http:\/\/www.kivrakotomotiv.com\/wp-content\/uploads\/de61d7c6-7d03-4247-b1b8-ba746af2118e-150x150.jpg\" class=\"attachment-thumbnail size-thumbnail\" alt=\"\" srcset=\"http:\/\/www.kivrakotomotiv.com\/wp-content\/uploads\/de61d7c6-7d03-4247-b1b8-ba746af2118e-150x150.jpg 150w, http:\/\/www.kivrakotomotiv.com\/wp-content\/uploads\/de61d7c6-7d03-4247-b1b8-ba746af2118e-60x60.jpg 60w, http:\/\/www.kivrakotomotiv.com\/wp-content\/uploads\/de61d7c6-7d03-4247-b1b8-ba746af2118e-43x43.jpg 43w\" sizes=\"(max-width: 150px) 100vw, 150px\" \/><\/a>\n\t\t\t<\/div><\/figure><figure class='gallery-item'>\n\t\t\t<div class='gallery-icon landscape'>\n\t\t\t\t<a href='http:\/\/www.kivrakotomotiv.com\/wp-content\/uploads\/dbc94347-8938-4eaf-8029-fa90ff2c8a21.jpg'><img loading=\"lazy\" decoding=\"async\" width=\"150\" height=\"150\" src=\"http:\/\/www.kivrakotomotiv.com\/wp-content\/uploads\/dbc94347-8938-4eaf-8029-fa90ff2c8a21-150x150.jpg\" class=\"attachment-thumbnail size-thumbnail\" alt=\"\" srcset=\"http:\/\/www.kivrakotomotiv.com\/wp-content\/uploads\/dbc94347-8938-4eaf-8029-fa90ff2c8a21-150x150.jpg 150w, http:\/\/www.kivrakotomotiv.com\/wp-content\/uploads\/dbc94347-8938-4eaf-8029-fa90ff2c8a21-60x60.jpg 60w, http:\/\/www.kivrakotomotiv.com\/wp-content\/uploads\/dbc94347-8938-4eaf-8029-fa90ff2c8a21-43x43.jpg 43w\" sizes=\"(max-width: 150px) 100vw, 150px\" \/><\/a>\n\t\t\t<\/div><\/figure><figure class='gallery-item'>\n\t\t\t<div class='gallery-icon landscape'>\n\t\t\t\t<a href='http:\/\/www.kivrakotomotiv.com\/wp-content\/uploads\/c9b04fe0-2fc9-44f8-aa2c-7abc1dc7330d.jpg'><img loading=\"lazy\" decoding=\"async\" width=\"150\" height=\"150\" src=\"http:\/\/www.kivrakotomotiv.com\/wp-content\/uploads\/c9b04fe0-2fc9-44f8-aa2c-7abc1dc7330d-150x150.jpg\" class=\"attachment-thumbnail size-thumbnail\" alt=\"\" srcset=\"http:\/\/www.kivrakotomotiv.com\/wp-content\/uploads\/c9b04fe0-2fc9-44f8-aa2c-7abc1dc7330d-150x150.jpg 150w, http:\/\/www.kivrakotomotiv.com\/wp-content\/uploads\/c9b04fe0-2fc9-44f8-aa2c-7abc1dc7330d-60x60.jpg 60w, http:\/\/www.kivrakotomotiv.com\/wp-content\/uploads\/c9b04fe0-2fc9-44f8-aa2c-7abc1dc7330d-43x43.jpg 43w\" sizes=\"(max-width: 150px) 100vw, 150px\" \/><\/a>\n\t\t\t<\/div><\/figure><figure class='gallery-item'>\n\t\t\t<div class='gallery-icon portrait'>\n\t\t\t\t<a href='http:\/\/www.kivrakotomotiv.com\/wp-content\/uploads\/a7181e40-8c4c-4085-b015-2266e0b19562.jpg'><img loading=\"lazy\" decoding=\"async\" width=\"150\" height=\"150\" src=\"http:\/\/www.kivrakotomotiv.com\/wp-content\/uploads\/a7181e40-8c4c-4085-b015-2266e0b19562-150x150.jpg\" class=\"attachment-thumbnail size-thumbnail\" alt=\"\" srcset=\"http:\/\/www.kivrakotomotiv.com\/wp-content\/uploads\/a7181e40-8c4c-4085-b015-2266e0b19562-150x150.jpg 150w, http:\/\/www.kivrakotomotiv.com\/wp-content\/uploads\/a7181e40-8c4c-4085-b015-2266e0b19562-60x60.jpg 60w, http:\/\/www.kivrakotomotiv.com\/wp-content\/uploads\/a7181e40-8c4c-4085-b015-2266e0b19562-43x43.jpg 43w\" sizes=\"(max-width: 150px) 100vw, 150px\" \/><\/a>\n\t\t\t<\/div><\/figure>\n\t\t<\/div>\n\n","protected":false},"excerpt":{"rendered":"","protected":false},"author":1,"featured_media":0,"parent":12,"menu_order":0,"comment_status":"closed","ping_status":"closed","template":"","meta":{"footnotes":""},"_links":{"self":[{"href":"http:\/\/www.kivrakotomotiv.com\/index.php\/wp-json\/wp\/v2\/pages\/619"}],"collection":[{"href":"http:\/\/www.kivrakotomotiv.com\/index.php\/wp-json\/wp\/v2\/pages"}],"about":[{"href":"http:\/\/www.kivrakotomotiv.com\/index.php\/wp-json\/wp\/v2\/types\/page"}],"author":[{"embeddable":true,"href":"http:\/\/www.kivrakotomotiv.com\/index.php\/wp-json\/wp\/v2\/users\/1"}],"replies":[{"embeddable":true,"href":"http:\/\/www.kivrakotomotiv.com\/index.php\/wp-json\/wp\/v2\/comments?post=619"}],"version-history":[{"count":2,"href":"http:\/\/www.kivrakotomotiv.com\/index.php\/wp-json\/wp\/v2\/pages\/619\/revisions"}],"predecessor-version":[{"id":667,"href":"http:\/\/www.kivrakotomotiv.com\/index.php\/wp-json\/wp\/v2\/pages\/619\/revisions\/667"}],"up":[{"embeddable":true,"href":"http:\/\/www.kivrakotomotiv.com\/index.php\/wp-json\/wp\/v2\/pages\/12"}],"wp:attachment":[{"href":"http:\/\/www.kivrakotomotiv.com\/index.php\/wp-json\/wp\/v2\/media?parent=619"}],"curies":[{"name":"wp","href":"https:\/\/api.w.org\/{rel}","templated":true}]}}