{"id":632,"date":"2023-04-08T18:07:36","date_gmt":"2023-04-08T15:07:36","guid":{"rendered":"http:\/\/www.kivrakotomotiv.com\/?page_id=632"},"modified":"2023-04-08T18:07:36","modified_gmt":"2023-04-08T15:07:36","slug":"bijon-tasima-sehpasi","status":"publish","type":"page","link":"http:\/\/www.kivrakotomotiv.com\/index.php\/urunlerimiz\/bijon-tasima-sehpasi\/","title":{"rendered":"Bijon Ta\u015f\u0131ma Sehpas\u0131"},"content":{"rendered":"<div id='gallery-1' class='gallery galleryid-632 gallery-columns-3 gallery-size-thumbnail'><figure class='gallery-item'>\n\t\t\t<div class='gallery-icon landscape'>\n\t\t\t\t<a href='http:\/\/www.kivrakotomotiv.com\/wp-content\/uploads\/4d317421-149e-4060-95e1-1b03de59edd7.jpg'><img loading=\"lazy\" decoding=\"async\" width=\"150\" height=\"150\" src=\"http:\/\/www.kivrakotomotiv.com\/wp-content\/uploads\/4d317421-149e-4060-95e1-1b03de59edd7-150x150.jpg\" class=\"attachment-thumbnail size-thumbnail\" alt=\"\" srcset=\"http:\/\/www.kivrakotomotiv.com\/wp-content\/uploads\/4d317421-149e-4060-95e1-1b03de59edd7-150x150.jpg 150w, http:\/\/www.kivrakotomotiv.com\/wp-content\/uploads\/4d317421-149e-4060-95e1-1b03de59edd7-300x300.jpg 300w, http:\/\/www.kivrakotomotiv.com\/wp-content\/uploads\/4d317421-149e-4060-95e1-1b03de59edd7-1024x1024.jpg 1024w, http:\/\/www.kivrakotomotiv.com\/wp-content\/uploads\/4d317421-149e-4060-95e1-1b03de59edd7-60x60.jpg 60w, http:\/\/www.kivrakotomotiv.com\/wp-content\/uploads\/4d317421-149e-4060-95e1-1b03de59edd7-43x43.jpg 43w, http:\/\/www.kivrakotomotiv.com\/wp-content\/uploads\/4d317421-149e-4060-95e1-1b03de59edd7-1140x1140.jpg 1140w, http:\/\/www.kivrakotomotiv.com\/wp-content\/uploads\/4d317421-149e-4060-95e1-1b03de59edd7-555x555.jpg 555w, http:\/\/www.kivrakotomotiv.com\/wp-content\/uploads\/4d317421-149e-4060-95e1-1b03de59edd7-360x360.jpg 360w, http:\/\/www.kivrakotomotiv.com\/wp-content\/uploads\/4d317421-149e-4060-95e1-1b03de59edd7-262x262.jpg 262w, http:\/\/www.kivrakotomotiv.com\/wp-content\/uploads\/4d317421-149e-4060-95e1-1b03de59edd7.jpg 1440w\" sizes=\"(max-width: 150px) 100vw, 150px\" \/><\/a>\n\t\t\t<\/div><\/figure><figure class='gallery-item'>\n\t\t\t<div class='gallery-icon portrait'>\n\t\t\t\t<a href='http:\/\/www.kivrakotomotiv.com\/wp-content\/uploads\/47b2700f-80d1-4ab3-afae-3de1ad4fa568.jpg'><img loading=\"lazy\" decoding=\"async\" width=\"150\" height=\"150\" src=\"http:\/\/www.kivrakotomotiv.com\/wp-content\/uploads\/47b2700f-80d1-4ab3-afae-3de1ad4fa568-150x150.jpg\" class=\"attachment-thumbnail size-thumbnail\" alt=\"\" srcset=\"http:\/\/www.kivrakotomotiv.com\/wp-content\/uploads\/47b2700f-80d1-4ab3-afae-3de1ad4fa568-150x150.jpg 150w, http:\/\/www.kivrakotomotiv.com\/wp-content\/uploads\/47b2700f-80d1-4ab3-afae-3de1ad4fa568-60x60.jpg 60w, http:\/\/www.kivrakotomotiv.com\/wp-content\/uploads\/47b2700f-80d1-4ab3-afae-3de1ad4fa568-43x43.jpg 43w\" sizes=\"(max-width: 150px) 100vw, 150px\" \/><\/a>\n\t\t\t<\/div><\/figure><figure class='gallery-item'>\n\t\t\t<div class='gallery-icon portrait'>\n\t\t\t\t<a href='http:\/\/www.kivrakotomotiv.com\/wp-content\/uploads\/89b4fefe-3f69-48c1-a280-063eea1c322d.jpg'><img loading=\"lazy\" decoding=\"async\" width=\"150\" height=\"150\" src=\"http:\/\/www.kivrakotomotiv.com\/wp-content\/uploads\/89b4fefe-3f69-48c1-a280-063eea1c322d-150x150.jpg\" class=\"attachment-thumbnail size-thumbnail\" alt=\"\" srcset=\"http:\/\/www.kivrakotomotiv.com\/wp-content\/uploads\/89b4fefe-3f69-48c1-a280-063eea1c322d-150x150.jpg 150w, http:\/\/www.kivrakotomotiv.com\/wp-content\/uploads\/89b4fefe-3f69-48c1-a280-063eea1c322d-60x60.jpg 60w, http:\/\/www.kivrakotomotiv.com\/wp-content\/uploads\/89b4fefe-3f69-48c1-a280-063eea1c322d-43x43.jpg 43w\" sizes=\"(max-width: 150px) 100vw, 150px\" \/><\/a>\n\t\t\t<\/div><\/figure><figure class='gallery-item'>\n\t\t\t<div class='gallery-icon portrait'>\n\t\t\t\t<a href='http:\/\/www.kivrakotomotiv.com\/wp-content\/uploads\/91a918c6-1135-4d79-9e4c-17071942f525.jpg'><img loading=\"lazy\" decoding=\"async\" width=\"150\" height=\"150\" src=\"http:\/\/www.kivrakotomotiv.com\/wp-content\/uploads\/91a918c6-1135-4d79-9e4c-17071942f525-150x150.jpg\" class=\"attachment-thumbnail size-thumbnail\" alt=\"\" srcset=\"http:\/\/www.kivrakotomotiv.com\/wp-content\/uploads\/91a918c6-1135-4d79-9e4c-17071942f525-150x150.jpg 150w, http:\/\/www.kivrakotomotiv.com\/wp-content\/uploads\/91a918c6-1135-4d79-9e4c-17071942f525-60x60.jpg 60w, http:\/\/www.kivrakotomotiv.com\/wp-content\/uploads\/91a918c6-1135-4d79-9e4c-17071942f525-43x43.jpg 43w\" sizes=\"(max-width: 150px) 100vw, 150px\" \/><\/a>\n\t\t\t<\/div><\/figure><figure class='gallery-item'>\n\t\t\t<div class='gallery-icon portrait'>\n\t\t\t\t<a href='http:\/\/www.kivrakotomotiv.com\/wp-content\/uploads\/834cca37-b8bb-4b6e-9fd2-02c2bcf9887a.jpg'><img loading=\"lazy\" decoding=\"async\" width=\"150\" height=\"150\" src=\"http:\/\/www.kivrakotomotiv.com\/wp-content\/uploads\/834cca37-b8bb-4b6e-9fd2-02c2bcf9887a-150x150.jpg\" class=\"attachment-thumbnail size-thumbnail\" alt=\"\" srcset=\"http:\/\/www.kivrakotomotiv.com\/wp-content\/uploads\/834cca37-b8bb-4b6e-9fd2-02c2bcf9887a-150x150.jpg 150w, http:\/\/www.kivrakotomotiv.com\/wp-content\/uploads\/834cca37-b8bb-4b6e-9fd2-02c2bcf9887a-60x60.jpg 60w, http:\/\/www.kivrakotomotiv.com\/wp-content\/uploads\/834cca37-b8bb-4b6e-9fd2-02c2bcf9887a-43x43.jpg 43w\" sizes=\"(max-width: 150px) 100vw, 150px\" \/><\/a>\n\t\t\t<\/div><\/figure><figure class='gallery-item'>\n\t\t\t<div class='gallery-icon portrait'>\n\t\t\t\t<a href='http:\/\/www.kivrakotomotiv.com\/wp-content\/uploads\/8187dc60-b0fd-4cf7-b34d-217ba8355d22.jpg'><img loading=\"lazy\" decoding=\"async\" width=\"150\" height=\"150\" src=\"http:\/\/www.kivrakotomotiv.com\/wp-content\/uploads\/8187dc60-b0fd-4cf7-b34d-217ba8355d22-150x150.jpg\" class=\"attachment-thumbnail size-thumbnail\" alt=\"\" srcset=\"http:\/\/www.kivrakotomotiv.com\/wp-content\/uploads\/8187dc60-b0fd-4cf7-b34d-217ba8355d22-150x150.jpg 150w, http:\/\/www.kivrakotomotiv.com\/wp-content\/uploads\/8187dc60-b0fd-4cf7-b34d-217ba8355d22-60x60.jpg 60w, http:\/\/www.kivrakotomotiv.com\/wp-content\/uploads\/8187dc60-b0fd-4cf7-b34d-217ba8355d22-43x43.jpg 43w\" sizes=\"(max-width: 150px) 100vw, 150px\" \/><\/a>\n\t\t\t<\/div><\/figure><figure class='gallery-item'>\n\t\t\t<div class='gallery-icon portrait'>\n\t\t\t\t<a href='http:\/\/www.kivrakotomotiv.com\/wp-content\/uploads\/a31aa82a-7b5f-4a29-a8fa-4ff56836957a.jpg'><img loading=\"lazy\" decoding=\"async\" width=\"150\" height=\"150\" src=\"http:\/\/www.kivrakotomotiv.com\/wp-content\/uploads\/a31aa82a-7b5f-4a29-a8fa-4ff56836957a-150x150.jpg\" class=\"attachment-thumbnail size-thumbnail\" alt=\"\" srcset=\"http:\/\/www.kivrakotomotiv.com\/wp-content\/uploads\/a31aa82a-7b5f-4a29-a8fa-4ff56836957a-150x150.jpg 150w, http:\/\/www.kivrakotomotiv.com\/wp-content\/uploads\/a31aa82a-7b5f-4a29-a8fa-4ff56836957a-60x60.jpg 60w, http:\/\/www.kivrakotomotiv.com\/wp-content\/uploads\/a31aa82a-7b5f-4a29-a8fa-4ff56836957a-43x43.jpg 43w\" sizes=\"(max-width: 150px) 100vw, 150px\" \/><\/a>\n\t\t\t<\/div><\/figure><figure class='gallery-item'>\n\t\t\t<div class='gallery-icon portrait'>\n\t\t\t\t<a href='http:\/\/www.kivrakotomotiv.com\/wp-content\/uploads\/Bijon-Ta\u015f\u0131ma-Sehpasi.jpg'><img loading=\"lazy\" decoding=\"async\" width=\"150\" height=\"150\" src=\"http:\/\/www.kivrakotomotiv.com\/wp-content\/uploads\/Bijon-Ta\u015f\u0131ma-Sehpasi-150x150.jpg\" class=\"attachment-thumbnail size-thumbnail\" alt=\"\" srcset=\"http:\/\/www.kivrakotomotiv.com\/wp-content\/uploads\/Bijon-Ta\u015f\u0131ma-Sehpasi-150x150.jpg 150w, http:\/\/www.kivrakotomotiv.com\/wp-content\/uploads\/Bijon-Ta\u015f\u0131ma-Sehpasi-60x60.jpg 60w, http:\/\/www.kivrakotomotiv.com\/wp-content\/uploads\/Bijon-Ta\u015f\u0131ma-Sehpasi-43x43.jpg 43w\" sizes=\"(max-width: 150px) 100vw, 150px\" \/><\/a>\n\t\t\t<\/div><\/figure>\n\t\t<\/div>\n\n","protected":false},"excerpt":{"rendered":"","protected":false},"author":1,"featured_media":0,"parent":12,"menu_order":0,"comment_status":"closed","ping_status":"closed","template":"","meta":{"footnotes":""},"_links":{"self":[{"href":"http:\/\/www.kivrakotomotiv.com\/index.php\/wp-json\/wp\/v2\/pages\/632"}],"collection":[{"href":"http:\/\/www.kivrakotomotiv.com\/index.php\/wp-json\/wp\/v2\/pages"}],"about":[{"href":"http:\/\/www.kivrakotomotiv.com\/index.php\/wp-json\/wp\/v2\/types\/page"}],"author":[{"embeddable":true,"href":"http:\/\/www.kivrakotomotiv.com\/index.php\/wp-json\/wp\/v2\/users\/1"}],"replies":[{"embeddable":true,"href":"http:\/\/www.kivrakotomotiv.com\/index.php\/wp-json\/wp\/v2\/comments?post=632"}],"version-history":[{"count":1,"href":"http:\/\/www.kivrakotomotiv.com\/index.php\/wp-json\/wp\/v2\/pages\/632\/revisions"}],"predecessor-version":[{"id":641,"href":"http:\/\/www.kivrakotomotiv.com\/index.php\/wp-json\/wp\/v2\/pages\/632\/revisions\/641"}],"up":[{"embeddable":true,"href":"http:\/\/www.kivrakotomotiv.com\/index.php\/wp-json\/wp\/v2\/pages\/12"}],"wp:attachment":[{"href":"http:\/\/www.kivrakotomotiv.com\/index.php\/wp-json\/wp\/v2\/media?parent=632"}],"curies":[{"name":"wp","href":"https:\/\/api.w.org\/{rel}","templated":true}]}}