{"id":644,"date":"2023-04-08T18:10:19","date_gmt":"2023-04-08T15:10:19","guid":{"rendered":"http:\/\/www.kivrakotomotiv.com\/?page_id=644"},"modified":"2023-04-08T18:10:19","modified_gmt":"2023-04-08T15:10:19","slug":"havali-topuk-dusurme","status":"publish","type":"page","link":"http:\/\/www.kivrakotomotiv.com\/index.php\/urunlerimiz\/havali-topuk-dusurme\/","title":{"rendered":"Haval\u0131 Topuk D\u00fc\u015f\u00fcrme"},"content":{"rendered":"<div id='gallery-1' class='gallery galleryid-644 gallery-columns-3 gallery-size-thumbnail'><figure class='gallery-item'>\n\t\t\t<div class='gallery-icon portrait'>\n\t\t\t\t<a href='http:\/\/www.kivrakotomotiv.com\/wp-content\/uploads\/5b3ecb92-30af-4564-a7ee-738e904baefb.jpg'><img loading=\"lazy\" decoding=\"async\" width=\"150\" height=\"150\" src=\"http:\/\/www.kivrakotomotiv.com\/wp-content\/uploads\/5b3ecb92-30af-4564-a7ee-738e904baefb-150x150.jpg\" class=\"attachment-thumbnail size-thumbnail\" alt=\"\" srcset=\"http:\/\/www.kivrakotomotiv.com\/wp-content\/uploads\/5b3ecb92-30af-4564-a7ee-738e904baefb-150x150.jpg 150w, http:\/\/www.kivrakotomotiv.com\/wp-content\/uploads\/5b3ecb92-30af-4564-a7ee-738e904baefb-60x60.jpg 60w, http:\/\/www.kivrakotomotiv.com\/wp-content\/uploads\/5b3ecb92-30af-4564-a7ee-738e904baefb-43x43.jpg 43w\" sizes=\"(max-width: 150px) 100vw, 150px\" \/><\/a>\n\t\t\t<\/div><\/figure><figure class='gallery-item'>\n\t\t\t<div class='gallery-icon portrait'>\n\t\t\t\t<a href='http:\/\/www.kivrakotomotiv.com\/wp-content\/uploads\/12acedc7-6eff-4311-bc7d-06b99c077b4c.jpg'><img loading=\"lazy\" decoding=\"async\" width=\"150\" height=\"150\" src=\"http:\/\/www.kivrakotomotiv.com\/wp-content\/uploads\/12acedc7-6eff-4311-bc7d-06b99c077b4c-150x150.jpg\" class=\"attachment-thumbnail size-thumbnail\" alt=\"\" srcset=\"http:\/\/www.kivrakotomotiv.com\/wp-content\/uploads\/12acedc7-6eff-4311-bc7d-06b99c077b4c-150x150.jpg 150w, http:\/\/www.kivrakotomotiv.com\/wp-content\/uploads\/12acedc7-6eff-4311-bc7d-06b99c077b4c-60x60.jpg 60w, http:\/\/www.kivrakotomotiv.com\/wp-content\/uploads\/12acedc7-6eff-4311-bc7d-06b99c077b4c-43x43.jpg 43w\" sizes=\"(max-width: 150px) 100vw, 150px\" \/><\/a>\n\t\t\t<\/div><\/figure><figure class='gallery-item'>\n\t\t\t<div class='gallery-icon landscape'>\n\t\t\t\t<a href='http:\/\/www.kivrakotomotiv.com\/wp-content\/uploads\/c3d8cd12-7e81-470c-a912-bc992cf2f1c4.jpg'><img loading=\"lazy\" decoding=\"async\" width=\"150\" height=\"150\" src=\"http:\/\/www.kivrakotomotiv.com\/wp-content\/uploads\/c3d8cd12-7e81-470c-a912-bc992cf2f1c4-150x150.jpg\" class=\"attachment-thumbnail size-thumbnail\" alt=\"\" srcset=\"http:\/\/www.kivrakotomotiv.com\/wp-content\/uploads\/c3d8cd12-7e81-470c-a912-bc992cf2f1c4-150x150.jpg 150w, http:\/\/www.kivrakotomotiv.com\/wp-content\/uploads\/c3d8cd12-7e81-470c-a912-bc992cf2f1c4-60x60.jpg 60w, http:\/\/www.kivrakotomotiv.com\/wp-content\/uploads\/c3d8cd12-7e81-470c-a912-bc992cf2f1c4-43x43.jpg 43w\" sizes=\"(max-width: 150px) 100vw, 150px\" \/><\/a>\n\t\t\t<\/div><\/figure><figure class='gallery-item'>\n\t\t\t<div class='gallery-icon portrait'>\n\t\t\t\t<a href='http:\/\/www.kivrakotomotiv.com\/wp-content\/uploads\/cbf6118c-ae90-48e3-8581-92565f35b2f7.jpg'><img loading=\"lazy\" decoding=\"async\" width=\"150\" height=\"150\" src=\"http:\/\/www.kivrakotomotiv.com\/wp-content\/uploads\/cbf6118c-ae90-48e3-8581-92565f35b2f7-150x150.jpg\" class=\"attachment-thumbnail size-thumbnail\" alt=\"\" srcset=\"http:\/\/www.kivrakotomotiv.com\/wp-content\/uploads\/cbf6118c-ae90-48e3-8581-92565f35b2f7-150x150.jpg 150w, http:\/\/www.kivrakotomotiv.com\/wp-content\/uploads\/cbf6118c-ae90-48e3-8581-92565f35b2f7-60x60.jpg 60w, http:\/\/www.kivrakotomotiv.com\/wp-content\/uploads\/cbf6118c-ae90-48e3-8581-92565f35b2f7-43x43.jpg 43w\" sizes=\"(max-width: 150px) 100vw, 150px\" \/><\/a>\n\t\t\t<\/div><\/figure>\n\t\t<\/div>\n\n","protected":false},"excerpt":{"rendered":"","protected":false},"author":1,"featured_media":0,"parent":12,"menu_order":0,"comment_status":"closed","ping_status":"closed","template":"","meta":{"footnotes":""},"_links":{"self":[{"href":"http:\/\/www.kivrakotomotiv.com\/index.php\/wp-json\/wp\/v2\/pages\/644"}],"collection":[{"href":"http:\/\/www.kivrakotomotiv.com\/index.php\/wp-json\/wp\/v2\/pages"}],"about":[{"href":"http:\/\/www.kivrakotomotiv.com\/index.php\/wp-json\/wp\/v2\/types\/page"}],"author":[{"embeddable":true,"href":"http:\/\/www.kivrakotomotiv.com\/index.php\/wp-json\/wp\/v2\/users\/1"}],"replies":[{"embeddable":true,"href":"http:\/\/www.kivrakotomotiv.com\/index.php\/wp-json\/wp\/v2\/comments?post=644"}],"version-history":[{"count":1,"href":"http:\/\/www.kivrakotomotiv.com\/index.php\/wp-json\/wp\/v2\/pages\/644\/revisions"}],"predecessor-version":[{"id":649,"href":"http:\/\/www.kivrakotomotiv.com\/index.php\/wp-json\/wp\/v2\/pages\/644\/revisions\/649"}],"up":[{"embeddable":true,"href":"http:\/\/www.kivrakotomotiv.com\/index.php\/wp-json\/wp\/v2\/pages\/12"}],"wp:attachment":[{"href":"http:\/\/www.kivrakotomotiv.com\/index.php\/wp-json\/wp\/v2\/media?parent=644"}],"curies":[{"name":"wp","href":"https:\/\/api.w.org\/{rel}","templated":true}]}}