{"id":7,"date":"2015-05-12T17:54:35","date_gmt":"2015-05-12T14:54:35","guid":{"rendered":"http:\/\/www.kivrakotomotiv.com\/?page_id=7"},"modified":"2015-11-12T14:38:05","modified_gmt":"2015-11-12T12:38:05","slug":"ana-sayfa","status":"publish","type":"page","link":"http:\/\/www.kivrakotomotiv.com\/","title":{"rendered":"Ana Sayfa"},"content":{"rendered":"<div class=\"row \"><div class=\"wpv-grid grid-1-4  wpv-first-level first unextended\" style=\"padding-top:0px;padding-bottom:0px\" id=\"wpv-column-b167a7c0fadfa30f8d178d84b2638450\" ><div class=\"services clearfix fullimage has-image has-icon has-button \" style=\"text-align:justify;\">\n\t<div class=\"services-inside\">\n\t\t\t\t\t\t\t\t\t<div class=\"thumbnail\">\n\t\t\t\t\t\t\t\t\t\t\t<a href=\"http:\/\/www.kivrakotomotiv.com\/?p=27\" title=\"Balans Makinalar\u0131\" class=\"has-border\">\n\t\t\t\t\t\t\t\t\t\t\t\t\t\t\t\t\t\t\t<img decoding=\"async\" src=\"http:\/\/www.kivrakotomotiv.com\/wp-content\/uploads\/s8.jpg\" alt=\"\" class='' \/>\n\t\t\t\t\t\t\t\t\t\t\t\t\t\t\t\t\t<\/a>\n\t\t\t\t\t\t\t\t\t<\/div>\n\t\t\t\t\t\t\t\t\t<div class=\"sep-2\"><\/div>\n\t\t\t\t\t\t\t\t\t\t\t\t\t\t<h4 class=\"services-title\">\n\t\t\t\t\t\t\t\t\t<a href=\"http:\/\/www.kivrakotomotiv.com\/?p=27\" title=\"Balans Makinalar\u0131\">Balans Makinalar\u0131<\/a>\n\t\t\t\t\t\t\t<\/h4>\n\t\t\t\t\t\t\t<div class=\"services-content\">\n<\/div>\n\t\t\t\t\t\t\t<div class=\"services-button-wrap\">\n\t\t\t\t<a href=\"http:\/\/www.kivrakotomotiv.com\/?p=27\"><span class=\"btext\">Devam\u0131<\/span><\/a>\n\t\t\t<\/div>\n\t\t\t<\/div>\n<\/div>\n<\/div>\n<div class=\"wpv-grid grid-1-4  wpv-first-level unextended\" style=\"padding-top:0px;padding-bottom:0px\" id=\"wpv-column-6b9bc9bac22c464fb87c8460c316058f\" ><div class=\"services clearfix fullimage has-image has-icon has-button \" style=\"text-align:justify;\">\n\t<div class=\"services-inside\">\n\t\t\t\t\t\t\t\t\t<div class=\"thumbnail\">\n\t\t\t\t\t\t\t\t\t\t\t<a href=\"http:\/\/www.kivrakotomotiv.com\/?p=33\" title=\"Lastik S\u00f6kme Takma\" class=\"has-border\">\n\t\t\t\t\t\t\t\t\t\t\t\t\t\t\t\t\t\t\t<img decoding=\"async\" src=\"http:\/\/www.kivrakotomotiv.com\/wp-content\/uploads\/s4.jpg\" alt=\"\" class='' \/>\n\t\t\t\t\t\t\t\t\t\t\t\t\t\t\t\t\t<\/a>\n\t\t\t\t\t\t\t\t\t<\/div>\n\t\t\t\t\t\t\t\t\t<div class=\"sep-2\"><\/div>\n\t\t\t\t\t\t\t\t\t\t\t\t\t\t<h4 class=\"services-title\">\n\t\t\t\t\t\t\t\t\t<a href=\"http:\/\/www.kivrakotomotiv.com\/?p=33\" title=\"Lastik S\u00f6kme Takma\">Lastik S\u00f6kme Takma<\/a>\n\t\t\t\t\t\t\t<\/h4>\n\t\t\t\t\t\t\t<div class=\"services-content\">\n<\/div>\n\t\t\t\t\t\t\t<div class=\"services-button-wrap\">\n\t\t\t\t<a href=\"http:\/\/www.kivrakotomotiv.com\/?p=33\"><span class=\"btext\">Devam\u0131<\/span><\/a>\n\t\t\t<\/div>\n\t\t\t<\/div>\n<\/div>\n<\/div>\n<div class=\"wpv-grid grid-1-4  wpv-first-level unextended\" style=\"padding-top:0px;padding-bottom:0px\" id=\"wpv-column-3e03e8f48620a7d502247f77048b8a31\" ><div class=\"services clearfix fullimage has-image has-icon has-button \" style=\"text-align:justify;\">\n\t<div class=\"services-inside\">\n\t\t\t\t\t\t\t\t\t<div class=\"thumbnail\">\n\t\t\t\t\t\t\t\t\t\t\t<a href=\"http:\/\/www.kivrakotomotiv.com\/?p=23\" title=\"Rot Makinalar\u0131\" class=\"has-border\">\n\t\t\t\t\t\t\t\t\t\t\t\t\t\t\t\t\t\t\t<img decoding=\"async\" src=\"http:\/\/www.kivrakotomotiv.com\/wp-content\/uploads\/s9.jpg\" alt=\"\" class='' \/>\n\t\t\t\t\t\t\t\t\t\t\t\t\t\t\t\t\t<\/a>\n\t\t\t\t\t\t\t\t\t<\/div>\n\t\t\t\t\t\t\t\t\t<div class=\"sep-2\"><\/div>\n\t\t\t\t\t\t\t\t\t\t\t\t\t\t<h4 class=\"services-title\">\n\t\t\t\t\t\t\t\t\t<a href=\"http:\/\/www.kivrakotomotiv.com\/?p=23\" title=\"Rot Makinalar\u0131\">Rot Makinalar\u0131<\/a>\n\t\t\t\t\t\t\t<\/h4>\n\t\t\t\t\t\t\t<div class=\"services-content\">\n<\/div>\n\t\t\t\t\t\t\t<div class=\"services-button-wrap\">\n\t\t\t\t<a href=\"http:\/\/www.kivrakotomotiv.com\/?p=23\"><span class=\"btext\">Devam\u0131<\/span><\/a>\n\t\t\t<\/div>\n\t\t\t<\/div>\n<\/div>\n<\/div>\n<div class=\"wpv-grid grid-1-4  wpv-first-level unextended\" style=\"padding-top:0px;padding-bottom:0px\" id=\"wpv-column-dd364fd757d09b68bb7ea68c99a63c87\" ><div class=\"services clearfix fullimage has-image has-icon has-button \" style=\"text-align:justify;\">\n\t<div class=\"services-inside\">\n\t\t\t\t\t\t\t\t\t<div class=\"thumbnail\">\n\t\t\t\t\t\t\t\t\t\t\t<a href=\"http:\/\/www.kivrakotomotiv.com\/?p=91\" title=\"Lastik Tamir Malzemeleri\" class=\"has-border\">\n\t\t\t\t\t\t\t\t\t\t\t\t\t\t\t\t\t\t\t<img decoding=\"async\" src=\"http:\/\/www.kivrakotomotiv.com\/wp-content\/uploads\/s3.jpg\" alt=\"\" class='' \/>\n\t\t\t\t\t\t\t\t\t\t\t\t\t\t\t\t\t<\/a>\n\t\t\t\t\t\t\t\t\t<\/div>\n\t\t\t\t\t\t\t\t\t<div class=\"sep-2\"><\/div>\n\t\t\t\t\t\t\t\t\t\t\t\t\t\t<h4 class=\"services-title\">\n\t\t\t\t\t\t\t\t\t<a href=\"http:\/\/www.kivrakotomotiv.com\/?p=91\" title=\"Lastik Tamir Malzemeleri\">Lastik Tamir Malzemeleri<\/a>\n\t\t\t\t\t\t\t<\/h4>\n\t\t\t\t\t\t\t<div class=\"services-content\">\n<\/div>\n\t\t\t\t\t\t\t<div class=\"services-button-wrap\">\n\t\t\t\t<a href=\"http:\/\/www.kivrakotomotiv.com\/?p=91\"><span class=\"btext\">Devam\u0131<\/span><\/a>\n\t\t\t<\/div>\n\t\t\t<\/div>\n<\/div>\n<\/div><\/div>\n\n<div  data-target=\"_self\" class=\"linkarea clearfix accent1  background-transparent\">\n\t\t\t<div class=\"first\"><img decoding=\"async\" src=\"http:\/\/www.kivrakotomotiv.com\/wp-content\/uploads\/s4.jpg\" alt=\"\" \/><\/div>\n\t\t\t\t<div class=\"last\"><h3 style=\"text-align: center;\">Servis Ekipmanlar\u0131 ve Lastik Tamir Malzemelerinde \u00d6nc\u00fc Firma<\/h3><\/div>\n\t<\/div>\n","protected":false},"excerpt":{"rendered":"","protected":false},"author":1,"featured_media":0,"parent":0,"menu_order":0,"comment_status":"closed","ping_status":"open","template":"","meta":{"footnotes":""},"_links":{"self":[{"href":"http:\/\/www.kivrakotomotiv.com\/index.php\/wp-json\/wp\/v2\/pages\/7"}],"collection":[{"href":"http:\/\/www.kivrakotomotiv.com\/index.php\/wp-json\/wp\/v2\/pages"}],"about":[{"href":"http:\/\/www.kivrakotomotiv.com\/index.php\/wp-json\/wp\/v2\/types\/page"}],"author":[{"embeddable":true,"href":"http:\/\/www.kivrakotomotiv.com\/index.php\/wp-json\/wp\/v2\/users\/1"}],"replies":[{"embeddable":true,"href":"http:\/\/www.kivrakotomotiv.com\/index.php\/wp-json\/wp\/v2\/comments?post=7"}],"version-history":[{"count":35,"href":"http:\/\/www.kivrakotomotiv.com\/index.php\/wp-json\/wp\/v2\/pages\/7\/revisions"}],"predecessor-version":[{"id":543,"href":"http:\/\/www.kivrakotomotiv.com\/index.php\/wp-json\/wp\/v2\/pages\/7\/revisions\/543"}],"wp:attachment":[{"href":"http:\/\/www.kivrakotomotiv.com\/index.php\/wp-json\/wp\/v2\/media?parent=7"}],"curies":[{"name":"wp","href":"https:\/\/api.w.org\/{rel}","templated":true}]}}